{"id":56,"date":"2024-06-06T16:56:21","date_gmt":"2024-06-06T14:56:21","guid":{"rendered":"https:\/\/budmarjablonna.pl\/?page_id=56"},"modified":"2024-06-06T16:56:22","modified_gmt":"2024-06-06T14:56:22","slug":"oferta","status":"publish","type":"page","link":"https:\/\/budmarjablonna.pl\/?page_id=56","title":{"rendered":"Oferta Hurtowni Budowlanej Budmar"},"content":{"rendered":"\n<p><strong>Dostawy na telefon, roz\u0142adunek HDS.<\/strong><br><strong>Szukasz konkretnego produktu zadzwo\u0144 22 782 54 24 lub\u00a0<a href=\"https:\/\/budmarjablonna.pl\/?page_id=2\" data-type=\"page\" data-id=\"2\">skontaktuj si\u0119<\/a><\/strong><\/p>\n\n\n\n<p><strong>Oferujemy ponad 1000 pozycji magazynowych nast\u0119puj\u0105cych wiod\u0105cych producent\u00f3w:<\/strong><\/p>\n\n\n\n<figure class=\"wp-block-table\"><table><tbody><tr><td>LEIER TARN\u00d3W<\/td><\/tr><tr><td>WIENERBERGER POROTHERM<\/td><\/tr><tr><td>Gazobeton FAELBET SOLBET<\/td><\/tr><tr><td>Ceramika L\u0119\u017cany, Harasiuki<\/td><\/tr><tr><td>YTONG OSTRO\u0141\u0118KA, SILIKATY POLSKA<\/td><\/tr><tr><td>Ceg\u0142y klinkierowe WIENERBERGER,CRH<\/td><\/tr><tr><td>Wi\u0119\u017aby dachowe, tarcica, \u0142aty, impregnaty do drewna<\/td><\/tr><tr><td>P\u0142yta gipsowa i akcesoria<\/td><\/tr><tr><td>Sytemy docieple\u0144 TERRANOVA, MAJSNERPOL<\/td><\/tr><tr><td>Zbrojeni\u00f3wka, walc\u00f3wka, strzemiona<\/td><\/tr><tr><td>We\u0142ny mineralne ISOVER, PAROCK, ROCKWOOL, SCHWENK<\/td><\/tr><tr><td>Kleje i masy szpachlowe ATLAS, CERESIT, KNAUF, MAPEI<\/td><\/tr><tr><td>Ceramiczne systemy kominowe LEIER, SCHIEDEL<\/td><\/tr><tr><td>Kr\u0119gi betonowe<\/td><\/tr><tr><td>Folie dachowe i budowlane<\/td><\/tr><tr><td>P\u0142yty OSB<\/td><\/tr><tr><td>Papy termozgrzewalne<\/td><\/tr><tr><td>Styrodur XPS dost\u0119pny od r\u0119ki<\/td><\/tr><tr><td>Styropiany fasada, pod\u0142oga, pasywne<\/td><\/tr><tr><td>Hydro &#8211; Styromax izolacje fundament\u00f3w<br><br><strong>i wiele, wiele innych<\/strong><\/td><\/tr><\/tbody><\/table><\/figure>\n","protected":false},"excerpt":{"rendered":"<p>Dostawy na telefon, roz\u0142adunek HDS.Szukasz konkretnego produktu zadzwo\u0144 22 782 54 24 lub\u00a0skontaktuj si\u0119 Oferujemy ponad 1000 pozycji magazynowych nast\u0119puj\u0105cych wiod\u0105cych producent\u00f3w: LEIER TARN\u00d3W WIENERBERGER POROTHERM Gazobeton FAELBET SOLBET Ceramika L\u0119\u017cany, Harasiuki YTONG OSTRO\u0141\u0118KA, SILIKATY POLSKA Ceg\u0142y klinkierowe WIENERBERGER,CRH Wi\u0119\u017aby dachowe, tarcica, \u0142aty, impregnaty do drewna P\u0142yta gipsowa i akcesoria Sytemy docieple\u0144 TERRANOVA, MAJSNERPOL Zbrojeni\u00f3wka, [&hellip;]<\/p>\n","protected":false},"author":1,"featured_media":58,"parent":0,"menu_order":0,"comment_status":"closed","ping_status":"closed","template":"","meta":{"footnotes":""},"class_list":["post-56","page","type-page","status-publish","has-post-thumbnail","hentry"],"yoast_head":"<!-- This site is optimized with the Yoast SEO plugin v22.8 - https:\/\/yoast.com\/wordpress\/plugins\/seo\/ -->\n<title>Oferta Hurtowni Budowlanej Budmar - Budmar Jab\u0142onna<\/title>\n<meta name=\"robots\" content=\"index, follow, max-snippet:-1, max-image-preview:large, max-video-preview:-1\" \/>\n<link rel=\"canonical\" href=\"https:\/\/budmarjablonna.pl\/?page_id=56\" \/>\n<meta property=\"og:locale\" content=\"pl_PL\" \/>\n<meta property=\"og:type\" content=\"article\" \/>\n<meta property=\"og:title\" content=\"Oferta Hurtowni Budowlanej Budmar - Budmar Jab\u0142onna\" \/>\n<meta property=\"og:description\" content=\"Dostawy na telefon, roz\u0142adunek HDS.Szukasz konkretnego produktu zadzwo\u0144 22 782 54 24 lub\u00a0skontaktuj si\u0119 Oferujemy ponad 1000 pozycji magazynowych nast\u0119puj\u0105cych wiod\u0105cych producent\u00f3w: LEIER TARN\u00d3W WIENERBERGER POROTHERM Gazobeton FAELBET SOLBET Ceramika L\u0119\u017cany, Harasiuki YTONG OSTRO\u0141\u0118KA, SILIKATY POLSKA Ceg\u0142y klinkierowe WIENERBERGER,CRH Wi\u0119\u017aby dachowe, tarcica, \u0142aty, impregnaty do drewna P\u0142yta gipsowa i akcesoria Sytemy docieple\u0144 TERRANOVA, MAJSNERPOL Zbrojeni\u00f3wka, [&hellip;]\" \/>\n<meta property=\"og:url\" content=\"https:\/\/budmarjablonna.pl\/?page_id=56\" \/>\n<meta property=\"og:site_name\" content=\"Budmar Jab\u0142onna\" \/>\n<meta property=\"article:modified_time\" content=\"2024-06-06T14:56:22+00:00\" \/>\n<meta property=\"og:image\" content=\"https:\/\/budmarjablonna.pl\/wp-content\/uploads\/2024\/06\/DSC0734.jpg\" \/>\n\t<meta property=\"og:image:width\" content=\"600\" \/>\n\t<meta property=\"og:image:height\" content=\"399\" \/>\n\t<meta property=\"og:image:type\" content=\"image\/jpeg\" \/>\n<meta name=\"twitter:card\" content=\"summary_large_image\" \/>\n<meta name=\"twitter:label1\" content=\"Szacowany czas czytania\" \/>\n\t<meta name=\"twitter:data1\" content=\"1 minuta\" \/>\n<script type=\"application\/ld+json\" class=\"yoast-schema-graph\">{\"@context\":\"https:\/\/schema.org\",\"@graph\":[{\"@type\":\"WebPage\",\"@id\":\"https:\/\/budmarjablonna.pl\/?page_id=56\",\"url\":\"https:\/\/budmarjablonna.pl\/?page_id=56\",\"name\":\"Oferta Hurtowni Budowlanej Budmar - Budmar Jab\u0142onna\",\"isPartOf\":{\"@id\":\"https:\/\/budmarjablonna.pl\/#website\"},\"primaryImageOfPage\":{\"@id\":\"https:\/\/budmarjablonna.pl\/?page_id=56#primaryimage\"},\"image\":{\"@id\":\"https:\/\/budmarjablonna.pl\/?page_id=56#primaryimage\"},\"thumbnailUrl\":\"https:\/\/budmarjablonna.pl\/wp-content\/uploads\/2024\/06\/DSC0734.jpg\",\"datePublished\":\"2024-06-06T14:56:21+00:00\",\"dateModified\":\"2024-06-06T14:56:22+00:00\",\"breadcrumb\":{\"@id\":\"https:\/\/budmarjablonna.pl\/?page_id=56#breadcrumb\"},\"inLanguage\":\"pl-PL\",\"potentialAction\":[{\"@type\":\"ReadAction\",\"target\":[\"https:\/\/budmarjablonna.pl\/?page_id=56\"]}]},{\"@type\":\"ImageObject\",\"inLanguage\":\"pl-PL\",\"@id\":\"https:\/\/budmarjablonna.pl\/?page_id=56#primaryimage\",\"url\":\"https:\/\/budmarjablonna.pl\/wp-content\/uploads\/2024\/06\/DSC0734.jpg\",\"contentUrl\":\"https:\/\/budmarjablonna.pl\/wp-content\/uploads\/2024\/06\/DSC0734.jpg\",\"width\":600,\"height\":399},{\"@type\":\"BreadcrumbList\",\"@id\":\"https:\/\/budmarjablonna.pl\/?page_id=56#breadcrumb\",\"itemListElement\":[{\"@type\":\"ListItem\",\"position\":1,\"name\":\"Home\",\"item\":\"https:\/\/budmarjablonna.pl\/\"},{\"@type\":\"ListItem\",\"position\":2,\"name\":\"Oferta Hurtowni Budowlanej Budmar\"}]},{\"@type\":\"WebSite\",\"@id\":\"https:\/\/budmarjablonna.pl\/#website\",\"url\":\"https:\/\/budmarjablonna.pl\/\",\"name\":\"Budmar Jab\u0142onna\",\"description\":\"Hurtownia budowlana Jab\u0142onna\",\"potentialAction\":[{\"@type\":\"SearchAction\",\"target\":{\"@type\":\"EntryPoint\",\"urlTemplate\":\"https:\/\/budmarjablonna.pl\/?s={search_term_string}\"},\"query-input\":\"required name=search_term_string\"}],\"inLanguage\":\"pl-PL\"}]}<\/script>\n<!-- \/ Yoast SEO plugin. -->","yoast_head_json":{"title":"Oferta Hurtowni Budowlanej Budmar - Budmar Jab\u0142onna","robots":{"index":"index","follow":"follow","max-snippet":"max-snippet:-1","max-image-preview":"max-image-preview:large","max-video-preview":"max-video-preview:-1"},"canonical":"https:\/\/budmarjablonna.pl\/?page_id=56","og_locale":"pl_PL","og_type":"article","og_title":"Oferta Hurtowni Budowlanej Budmar - Budmar Jab\u0142onna","og_description":"Dostawy na telefon, roz\u0142adunek HDS.Szukasz konkretnego produktu zadzwo\u0144 22 782 54 24 lub\u00a0skontaktuj si\u0119 Oferujemy ponad 1000 pozycji magazynowych nast\u0119puj\u0105cych wiod\u0105cych producent\u00f3w: LEIER TARN\u00d3W WIENERBERGER POROTHERM Gazobeton FAELBET SOLBET Ceramika L\u0119\u017cany, Harasiuki YTONG OSTRO\u0141\u0118KA, SILIKATY POLSKA Ceg\u0142y klinkierowe WIENERBERGER,CRH Wi\u0119\u017aby dachowe, tarcica, \u0142aty, impregnaty do drewna P\u0142yta gipsowa i akcesoria Sytemy docieple\u0144 TERRANOVA, MAJSNERPOL Zbrojeni\u00f3wka, [&hellip;]","og_url":"https:\/\/budmarjablonna.pl\/?page_id=56","og_site_name":"Budmar Jab\u0142onna","article_modified_time":"2024-06-06T14:56:22+00:00","og_image":[{"width":600,"height":399,"url":"https:\/\/budmarjablonna.pl\/wp-content\/uploads\/2024\/06\/DSC0734.jpg","type":"image\/jpeg"}],"twitter_card":"summary_large_image","twitter_misc":{"Szacowany czas czytania":"1 minuta"},"schema":{"@context":"https:\/\/schema.org","@graph":[{"@type":"WebPage","@id":"https:\/\/budmarjablonna.pl\/?page_id=56","url":"https:\/\/budmarjablonna.pl\/?page_id=56","name":"Oferta Hurtowni Budowlanej Budmar - Budmar Jab\u0142onna","isPartOf":{"@id":"https:\/\/budmarjablonna.pl\/#website"},"primaryImageOfPage":{"@id":"https:\/\/budmarjablonna.pl\/?page_id=56#primaryimage"},"image":{"@id":"https:\/\/budmarjablonna.pl\/?page_id=56#primaryimage"},"thumbnailUrl":"https:\/\/budmarjablonna.pl\/wp-content\/uploads\/2024\/06\/DSC0734.jpg","datePublished":"2024-06-06T14:56:21+00:00","dateModified":"2024-06-06T14:56:22+00:00","breadcrumb":{"@id":"https:\/\/budmarjablonna.pl\/?page_id=56#breadcrumb"},"inLanguage":"pl-PL","potentialAction":[{"@type":"ReadAction","target":["https:\/\/budmarjablonna.pl\/?page_id=56"]}]},{"@type":"ImageObject","inLanguage":"pl-PL","@id":"https:\/\/budmarjablonna.pl\/?page_id=56#primaryimage","url":"https:\/\/budmarjablonna.pl\/wp-content\/uploads\/2024\/06\/DSC0734.jpg","contentUrl":"https:\/\/budmarjablonna.pl\/wp-content\/uploads\/2024\/06\/DSC0734.jpg","width":600,"height":399},{"@type":"BreadcrumbList","@id":"https:\/\/budmarjablonna.pl\/?page_id=56#breadcrumb","itemListElement":[{"@type":"ListItem","position":1,"name":"Home","item":"https:\/\/budmarjablonna.pl\/"},{"@type":"ListItem","position":2,"name":"Oferta Hurtowni Budowlanej Budmar"}]},{"@type":"WebSite","@id":"https:\/\/budmarjablonna.pl\/#website","url":"https:\/\/budmarjablonna.pl\/","name":"Budmar Jab\u0142onna","description":"Hurtownia budowlana Jab\u0142onna","potentialAction":[{"@type":"SearchAction","target":{"@type":"EntryPoint","urlTemplate":"https:\/\/budmarjablonna.pl\/?s={search_term_string}"},"query-input":"required name=search_term_string"}],"inLanguage":"pl-PL"}]}},"_links":{"self":[{"href":"https:\/\/budmarjablonna.pl\/index.php?rest_route=\/wp\/v2\/pages\/56","targetHints":{"allow":["GET"]}}],"collection":[{"href":"https:\/\/budmarjablonna.pl\/index.php?rest_route=\/wp\/v2\/pages"}],"about":[{"href":"https:\/\/budmarjablonna.pl\/index.php?rest_route=\/wp\/v2\/types\/page"}],"author":[{"embeddable":true,"href":"https:\/\/budmarjablonna.pl\/index.php?rest_route=\/wp\/v2\/users\/1"}],"replies":[{"embeddable":true,"href":"https:\/\/budmarjablonna.pl\/index.php?rest_route=%2Fwp%2Fv2%2Fcomments&post=56"}],"version-history":[{"count":1,"href":"https:\/\/budmarjablonna.pl\/index.php?rest_route=\/wp\/v2\/pages\/56\/revisions"}],"predecessor-version":[{"id":59,"href":"https:\/\/budmarjablonna.pl\/index.php?rest_route=\/wp\/v2\/pages\/56\/revisions\/59"}],"wp:featuredmedia":[{"embeddable":true,"href":"https:\/\/budmarjablonna.pl\/index.php?rest_route=\/wp\/v2\/media\/58"}],"wp:attachment":[{"href":"https:\/\/budmarjablonna.pl\/index.php?rest_route=%2Fwp%2Fv2%2Fmedia&parent=56"}],"curies":[{"name":"wp","href":"https:\/\/api.w.org\/{rel}","templated":true}]}}