{"id":82,"date":"2024-06-07T13:16:36","date_gmt":"2024-06-07T11:16:36","guid":{"rendered":"https:\/\/budmarjablonna.pl\/?page_id=82"},"modified":"2024-06-10T16:23:24","modified_gmt":"2024-06-10T14:23:24","slug":"galeria-zdjec","status":"publish","type":"page","link":"https:\/\/budmarjablonna.pl\/?page_id=82","title":{"rendered":"Nasze realizacje"},"content":{"rendered":"\t\t<div data-elementor-type=\"wp-page\" data-elementor-id=\"82\" class=\"elementor elementor-82\">\n\t\t\t\t<div class=\"elementor-element elementor-element-366cad77 e-flex e-con-boxed e-con e-parent\" data-id=\"366cad77\" data-element_type=\"container\" data-e-type=\"container\">\n\t\t\t\t\t<div class=\"e-con-inner\">\n\t\t\t\t<div class=\"elementor-element elementor-element-78109dd elementor-widget elementor-widget-text-editor\" data-id=\"78109dd\" data-element_type=\"widget\" data-e-type=\"widget\" data-widget_type=\"text-editor.default\">\n\t\t\t\t<div class=\"elementor-widget-container\">\n\t\t\t\t\t\t\t\t\t<p><\/p>\n<p>Dostarczali\u015bmy materia\u0142y budowlane m.in dla Hotelu Warszawianka<\/p>\n<p><\/p>\t\t\t\t\t\t\t\t<\/div>\n\t\t\t\t<\/div>\n\t\t\t\t\t<\/div>\n\t\t\t\t<\/div>\n\t\t<div class=\"elementor-element elementor-element-404f1d5 e-flex e-con-boxed e-con e-parent\" data-id=\"404f1d5\" data-element_type=\"container\" data-e-type=\"container\">\n\t\t\t\t\t<div class=\"e-con-inner\">\n\t\t\t\t<div class=\"elementor-element elementor-element-51bd328 elementor-widget elementor-widget-image-gallery\" data-id=\"51bd328\" data-element_type=\"widget\" data-e-type=\"widget\" data-widget_type=\"image-gallery.default\">\n\t\t\t\t<div class=\"elementor-widget-container\">\n\t\t\t\t\t\t\t<div class=\"elementor-image-gallery\">\n\t\t\t<div id='gallery-1' class='gallery galleryid-82 gallery-columns-4 gallery-size-thumbnail'><figure class='gallery-item'>\n\t\t\t<div class='gallery-icon landscape'>\n\t\t\t\t<a data-elementor-open-lightbox=\"yes\" data-elementor-lightbox-slideshow=\"51bd328\" data-elementor-lightbox-title=\"Hotel Warszawianka\" data-e-action-hash=\"#elementor-action%3Aaction%3Dlightbox%26settings%3DeyJpZCI6NzUsInVybCI6Imh0dHBzOlwvXC9idWRtYXJqYWJsb25uYS5wbFwvd3AtY29udGVudFwvdXBsb2Fkc1wvMjAyNFwvMDZcL0RTQzA3MzQtMS5qcGciLCJzbGlkZXNob3ciOiI1MWJkMzI4In0%3D\" href='https:\/\/budmarjablonna.pl\/wp-content\/uploads\/2024\/06\/DSC0734-1.jpg'><img decoding=\"async\" width=\"150\" height=\"150\" src=\"https:\/\/budmarjablonna.pl\/wp-content\/uploads\/2024\/06\/DSC0734-1-150x150.jpg\" class=\"attachment-thumbnail size-thumbnail\" alt=\"\" \/><\/a>\n\t\t\t<\/div><\/figure><figure class='gallery-item'>\n\t\t\t<div class='gallery-icon landscape'>\n\t\t\t\t<a data-elementor-open-lightbox=\"yes\" data-elementor-lightbox-slideshow=\"51bd328\" data-elementor-lightbox-title=\"Hotel Warszawianka\" data-e-action-hash=\"#elementor-action%3Aaction%3Dlightbox%26settings%3DeyJpZCI6NzMsInVybCI6Imh0dHBzOlwvXC9idWRtYXJqYWJsb25uYS5wbFwvd3AtY29udGVudFwvdXBsb2Fkc1wvMjAyNFwvMDZcL0RTQzA3MjAuanBnIiwic2xpZGVzaG93IjoiNTFiZDMyOCJ9\" href='https:\/\/budmarjablonna.pl\/wp-content\/uploads\/2024\/06\/DSC0720.jpg'><img decoding=\"async\" width=\"150\" height=\"150\" src=\"https:\/\/budmarjablonna.pl\/wp-content\/uploads\/2024\/06\/DSC0720-150x150.jpg\" class=\"attachment-thumbnail size-thumbnail\" alt=\"\" \/><\/a>\n\t\t\t<\/div><\/figure><figure class='gallery-item'>\n\t\t\t<div class='gallery-icon landscape'>\n\t\t\t\t<a data-elementor-open-lightbox=\"yes\" data-elementor-lightbox-slideshow=\"51bd328\" data-elementor-lightbox-title=\"Hotel Warszawianka\" data-e-action-hash=\"#elementor-action%3Aaction%3Dlightbox%26settings%3DeyJpZCI6NzQsInVybCI6Imh0dHBzOlwvXC9idWRtYXJqYWJsb25uYS5wbFwvd3AtY29udGVudFwvdXBsb2Fkc1wvMjAyNFwvMDZcL0RTQzA3MzIuanBnIiwic2xpZGVzaG93IjoiNTFiZDMyOCJ9\" href='https:\/\/budmarjablonna.pl\/wp-content\/uploads\/2024\/06\/DSC0732.jpg'><img decoding=\"async\" width=\"150\" height=\"150\" src=\"https:\/\/budmarjablonna.pl\/wp-content\/uploads\/2024\/06\/DSC0732-150x150.jpg\" class=\"attachment-thumbnail size-thumbnail\" alt=\"\" \/><\/a>\n\t\t\t<\/div><\/figure><figure class='gallery-item'>\n\t\t\t<div class='gallery-icon landscape'>\n\t\t\t\t<a data-elementor-open-lightbox=\"yes\" data-elementor-lightbox-slideshow=\"51bd328\" data-elementor-lightbox-title=\"Hotel Warszawianka\" data-e-action-hash=\"#elementor-action%3Aaction%3Dlightbox%26settings%3DeyJpZCI6NzIsInVybCI6Imh0dHBzOlwvXC9idWRtYXJqYWJsb25uYS5wbFwvd3AtY29udGVudFwvdXBsb2Fkc1wvMjAyNFwvMDZcL0RTQzA3MTQuanBnIiwic2xpZGVzaG93IjoiNTFiZDMyOCJ9\" href='https:\/\/budmarjablonna.pl\/wp-content\/uploads\/2024\/06\/DSC0714.jpg'><img loading=\"lazy\" decoding=\"async\" width=\"150\" height=\"150\" src=\"https:\/\/budmarjablonna.pl\/wp-content\/uploads\/2024\/06\/DSC0714-150x150.jpg\" class=\"attachment-thumbnail size-thumbnail\" alt=\"\" \/><\/a>\n\t\t\t<\/div><\/figure>\n\t\t<\/div>\n\t\t<\/div>\n\t\t\t\t\t\t<\/div>\n\t\t\t\t<\/div>\n\t\t\t\t\t<\/div>\n\t\t\t\t<\/div>\n\t\t<div class=\"elementor-element elementor-element-306203a e-flex e-con-boxed e-con e-parent\" data-id=\"306203a\" data-element_type=\"container\" data-e-type=\"container\">\n\t\t\t\t\t<div class=\"e-con-inner\">\n\t\t\t\t<div class=\"elementor-element elementor-element-e309746 elementor-widget elementor-widget-text-editor\" data-id=\"e309746\" data-element_type=\"widget\" data-e-type=\"widget\" data-widget_type=\"text-editor.default\">\n\t\t\t\t<div class=\"elementor-widget-container\">\n\t\t\t\t\t\t\t\t\t<p>Dostarczali\u015bmy materia\u0142y budowlane dla r\u00f3\u017cnych firm budowlanych<\/p>\t\t\t\t\t\t\t\t<\/div>\n\t\t\t\t<\/div>\n\t\t\t\t\t<\/div>\n\t\t\t\t<\/div>\n\t\t<div class=\"elementor-element elementor-element-90ce4c1 e-flex e-con-boxed e-con e-parent\" data-id=\"90ce4c1\" data-element_type=\"container\" data-e-type=\"container\">\n\t\t\t\t\t<div class=\"e-con-inner\">\n\t\t\t\t<div class=\"elementor-element elementor-element-11c62b0 elementor-widget elementor-widget-image-gallery\" data-id=\"11c62b0\" data-element_type=\"widget\" data-e-type=\"widget\" data-widget_type=\"image-gallery.default\">\n\t\t\t\t<div class=\"elementor-widget-container\">\n\t\t\t\t\t\t\t<div class=\"elementor-image-gallery\">\n\t\t\t<div id='gallery-2' class='gallery galleryid-82 gallery-columns-4 gallery-size-thumbnail'><figure class='gallery-item'>\n\t\t\t<div class='gallery-icon landscape'>\n\t\t\t\t<a data-elementor-open-lightbox=\"yes\" data-elementor-lightbox-slideshow=\"11c62b0\" data-elementor-lightbox-title=\"Osiedle\" data-e-action-hash=\"#elementor-action%3Aaction%3Dlightbox%26settings%3DeyJpZCI6ODAsInVybCI6Imh0dHBzOlwvXC9idWRtYXJqYWJsb25uYS5wbFwvd3AtY29udGVudFwvdXBsb2Fkc1wvMjAyNFwvMDZcL29zaWVkbGUuanBnIiwic2xpZGVzaG93IjoiMTFjNjJiMCJ9\" href='https:\/\/budmarjablonna.pl\/wp-content\/uploads\/2024\/06\/osiedle.jpg'><img loading=\"lazy\" decoding=\"async\" width=\"150\" height=\"150\" src=\"https:\/\/budmarjablonna.pl\/wp-content\/uploads\/2024\/06\/osiedle-150x150.jpg\" class=\"attachment-thumbnail size-thumbnail\" alt=\"\" \/><\/a>\n\t\t\t<\/div><\/figure><figure class='gallery-item'>\n\t\t\t<div class='gallery-icon landscape'>\n\t\t\t\t<a data-elementor-open-lightbox=\"yes\" data-elementor-lightbox-slideshow=\"11c62b0\" data-elementor-lightbox-title=\"Rezydencja Poezja\" data-e-action-hash=\"#elementor-action%3Aaction%3Dlightbox%26settings%3DeyJpZCI6ODEsInVybCI6Imh0dHBzOlwvXC9idWRtYXJqYWJsb25uYS5wbFwvd3AtY29udGVudFwvdXBsb2Fkc1wvMjAyNFwvMDZcL1JlenlkZW5jamFQb2V6amEuanBnIiwic2xpZGVzaG93IjoiMTFjNjJiMCJ9\" href='https:\/\/budmarjablonna.pl\/wp-content\/uploads\/2024\/06\/RezydencjaPoezja.jpg'><img loading=\"lazy\" decoding=\"async\" width=\"150\" height=\"150\" src=\"https:\/\/budmarjablonna.pl\/wp-content\/uploads\/2024\/06\/RezydencjaPoezja-150x150.jpg\" class=\"attachment-thumbnail size-thumbnail\" alt=\"\" \/><\/a>\n\t\t\t<\/div><\/figure><figure class='gallery-item'>\n\t\t\t<div class='gallery-icon landscape'>\n\t\t\t\t<a data-elementor-open-lightbox=\"yes\" data-elementor-lightbox-slideshow=\"11c62b0\" data-elementor-lightbox-title=\"Kompleks biurowy\" data-e-action-hash=\"#elementor-action%3Aaction%3Dlightbox%26settings%3DeyJpZCI6NzgsInVybCI6Imh0dHBzOlwvXC9idWRtYXJqYWJsb25uYS5wbFwvd3AtY29udGVudFwvdXBsb2Fkc1wvMjAyNFwvMDZcL2tvbXBsZWtzYml1cm93eS5qcGciLCJzbGlkZXNob3ciOiIxMWM2MmIwIn0%3D\" href='https:\/\/budmarjablonna.pl\/wp-content\/uploads\/2024\/06\/kompleksbiurowy.jpg'><img loading=\"lazy\" decoding=\"async\" width=\"150\" height=\"150\" src=\"https:\/\/budmarjablonna.pl\/wp-content\/uploads\/2024\/06\/kompleksbiurowy-150x150.jpg\" class=\"attachment-thumbnail size-thumbnail\" alt=\"\" \/><\/a>\n\t\t\t<\/div><\/figure><figure class='gallery-item'>\n\t\t\t<div class='gallery-icon landscape'>\n\t\t\t\t<a data-elementor-open-lightbox=\"yes\" data-elementor-lightbox-slideshow=\"11c62b0\" data-elementor-lightbox-title=\"Kompleks biurowy\" data-e-action-hash=\"#elementor-action%3Aaction%3Dlightbox%26settings%3DeyJpZCI6NzksInVybCI6Imh0dHBzOlwvXC9idWRtYXJqYWJsb25uYS5wbFwvd3AtY29udGVudFwvdXBsb2Fkc1wvMjAyNFwvMDZcL2tvbXBsZWtzYml1cm93eTItMS5qcGciLCJzbGlkZXNob3ciOiIxMWM2MmIwIn0%3D\" href='https:\/\/budmarjablonna.pl\/wp-content\/uploads\/2024\/06\/kompleksbiurowy2-1.jpg'><img loading=\"lazy\" decoding=\"async\" width=\"150\" height=\"150\" src=\"https:\/\/budmarjablonna.pl\/wp-content\/uploads\/2024\/06\/kompleksbiurowy2-1-150x150.jpg\" class=\"attachment-thumbnail size-thumbnail\" alt=\"\" \/><\/a>\n\t\t\t<\/div><\/figure><figure class='gallery-item'>\n\t\t\t<div class='gallery-icon landscape'>\n\t\t\t\t<a data-elementor-open-lightbox=\"yes\" data-elementor-lightbox-slideshow=\"11c62b0\" data-elementor-lightbox-title=\"Osiedle Poezja\" data-e-action-hash=\"#elementor-action%3Aaction%3Dlightbox%26settings%3DeyJpZCI6NzAsInVybCI6Imh0dHBzOlwvXC9idWRtYXJqYWJsb25uYS5wbFwvd3AtY29udGVudFwvdXBsb2Fkc1wvMjAyNFwvMDZcL0RTQzA3MDIuanBnIiwic2xpZGVzaG93IjoiMTFjNjJiMCJ9\" href='https:\/\/budmarjablonna.pl\/wp-content\/uploads\/2024\/06\/DSC0702.jpg'><img loading=\"lazy\" decoding=\"async\" width=\"150\" height=\"150\" src=\"https:\/\/budmarjablonna.pl\/wp-content\/uploads\/2024\/06\/DSC0702-150x150.jpg\" class=\"attachment-thumbnail size-thumbnail\" alt=\"\" \/><\/a>\n\t\t\t<\/div><\/figure><figure class='gallery-item'>\n\t\t\t<div class='gallery-icon landscape'>\n\t\t\t\t<a data-elementor-open-lightbox=\"yes\" data-elementor-lightbox-slideshow=\"11c62b0\" data-elementor-lightbox-title=\"Ratusz Legionowo\" data-e-action-hash=\"#elementor-action%3Aaction%3Dlightbox%26settings%3DeyJpZCI6NjgsInVybCI6Imh0dHBzOlwvXC9idWRtYXJqYWJsb25uYS5wbFwvd3AtY29udGVudFwvdXBsb2Fkc1wvMjAyNFwvMDZcL0RTQzA2OTMuanBnIiwic2xpZGVzaG93IjoiMTFjNjJiMCJ9\" href='https:\/\/budmarjablonna.pl\/wp-content\/uploads\/2024\/06\/DSC0693.jpg'><img loading=\"lazy\" decoding=\"async\" width=\"150\" height=\"150\" src=\"https:\/\/budmarjablonna.pl\/wp-content\/uploads\/2024\/06\/DSC0693-150x150.jpg\" class=\"attachment-thumbnail size-thumbnail\" alt=\"\" \/><\/a>\n\t\t\t<\/div><\/figure><figure class='gallery-item'>\n\t\t\t<div class='gallery-icon landscape'>\n\t\t\t\t<a data-elementor-open-lightbox=\"yes\" data-elementor-lightbox-slideshow=\"11c62b0\" data-elementor-lightbox-title=\"Ratusz Legionowo\" data-e-action-hash=\"#elementor-action%3Aaction%3Dlightbox%26settings%3DeyJpZCI6NjksInVybCI6Imh0dHBzOlwvXC9idWRtYXJqYWJsb25uYS5wbFwvd3AtY29udGVudFwvdXBsb2Fkc1wvMjAyNFwvMDZcL0RTQzA2OTguanBnIiwic2xpZGVzaG93IjoiMTFjNjJiMCJ9\" href='https:\/\/budmarjablonna.pl\/wp-content\/uploads\/2024\/06\/DSC0698.jpg'><img loading=\"lazy\" decoding=\"async\" width=\"150\" height=\"150\" src=\"https:\/\/budmarjablonna.pl\/wp-content\/uploads\/2024\/06\/DSC0698-150x150.jpg\" class=\"attachment-thumbnail size-thumbnail\" alt=\"\" \/><\/a>\n\t\t\t<\/div><\/figure><figure class='gallery-item'>\n\t\t\t<div class='gallery-icon landscape'>\n\t\t\t\t<a data-elementor-open-lightbox=\"yes\" data-elementor-lightbox-slideshow=\"11c62b0\" data-elementor-lightbox-title=\"Osiedle\" data-e-action-hash=\"#elementor-action%3Aaction%3Dlightbox%26settings%3DeyJpZCI6NjYsInVybCI6Imh0dHBzOlwvXC9idWRtYXJqYWJsb25uYS5wbFwvd3AtY29udGVudFwvdXBsb2Fkc1wvMjAyNFwvMDZcL0RTQzA2NzcuanBnIiwic2xpZGVzaG93IjoiMTFjNjJiMCJ9\" href='https:\/\/budmarjablonna.pl\/wp-content\/uploads\/2024\/06\/DSC0677.jpg'><img loading=\"lazy\" decoding=\"async\" width=\"150\" height=\"150\" src=\"https:\/\/budmarjablonna.pl\/wp-content\/uploads\/2024\/06\/DSC0677-150x150.jpg\" class=\"attachment-thumbnail size-thumbnail\" alt=\"\" \/><\/a>\n\t\t\t<\/div><\/figure><figure class='gallery-item'>\n\t\t\t<div class='gallery-icon landscape'>\n\t\t\t\t<a data-elementor-open-lightbox=\"yes\" data-elementor-lightbox-slideshow=\"11c62b0\" data-elementor-lightbox-title=\"Kompleks handlowy\" data-e-action-hash=\"#elementor-action%3Aaction%3Dlightbox%26settings%3DeyJpZCI6NjcsInVybCI6Imh0dHBzOlwvXC9idWRtYXJqYWJsb25uYS5wbFwvd3AtY29udGVudFwvdXBsb2Fkc1wvMjAyNFwvMDZcL0RTQzA2ODcuanBnIiwic2xpZGVzaG93IjoiMTFjNjJiMCJ9\" href='https:\/\/budmarjablonna.pl\/wp-content\/uploads\/2024\/06\/DSC0687.jpg'><img loading=\"lazy\" decoding=\"async\" width=\"150\" height=\"150\" src=\"https:\/\/budmarjablonna.pl\/wp-content\/uploads\/2024\/06\/DSC0687-150x150.jpg\" class=\"attachment-thumbnail size-thumbnail\" alt=\"\" \/><\/a>\n\t\t\t<\/div><\/figure><figure class='gallery-item'>\n\t\t\t<div class='gallery-icon landscape'>\n\t\t\t\t<a data-elementor-open-lightbox=\"yes\" data-elementor-lightbox-slideshow=\"11c62b0\" data-elementor-lightbox-title=\"Kompleks handlowy\" data-e-action-hash=\"#elementor-action%3Aaction%3Dlightbox%26settings%3DeyJpZCI6NjQsInVybCI6Imh0dHBzOlwvXC9idWRtYXJqYWJsb25uYS5wbFwvd3AtY29udGVudFwvdXBsb2Fkc1wvMjAyNFwvMDZcL0RTQzA2NzMuanBnIiwic2xpZGVzaG93IjoiMTFjNjJiMCJ9\" href='https:\/\/budmarjablonna.pl\/wp-content\/uploads\/2024\/06\/DSC0673.jpg'><img loading=\"lazy\" decoding=\"async\" width=\"150\" height=\"150\" src=\"https:\/\/budmarjablonna.pl\/wp-content\/uploads\/2024\/06\/DSC0673-150x150.jpg\" class=\"attachment-thumbnail size-thumbnail\" alt=\"\" \/><\/a>\n\t\t\t<\/div><\/figure>\n\t\t<\/div>\n\t\t<\/div>\n\t\t\t\t\t\t<\/div>\n\t\t\t\t<\/div>\n\t\t\t\t\t<\/div>\n\t\t\t\t<\/div>\n\t\t<div class=\"elementor-element elementor-element-c08eb06 e-flex e-con-boxed e-con e-parent\" data-id=\"c08eb06\" data-element_type=\"container\" data-e-type=\"container\">\n\t\t\t\t\t<div class=\"e-con-inner\">\n\t\t\t\t<div class=\"elementor-element elementor-element-9b9cfb6 elementor-widget elementor-widget-text-editor\" data-id=\"9b9cfb6\" data-element_type=\"widget\" data-e-type=\"widget\" data-widget_type=\"text-editor.default\">\n\t\t\t\t<div class=\"elementor-widget-container\">\n\t\t\t\t\t\t\t\t\t<p>Dostarczali\u015bmy materia\u0142y na budowy indywidualnych inwestor\u00f3w<\/p>\t\t\t\t\t\t\t\t<\/div>\n\t\t\t\t<\/div>\n\t\t\t\t\t<\/div>\n\t\t\t\t<\/div>\n\t\t<div class=\"elementor-element elementor-element-8d7c915 e-flex e-con-boxed e-con e-parent\" data-id=\"8d7c915\" data-element_type=\"container\" data-e-type=\"container\">\n\t\t\t\t\t<div class=\"e-con-inner\">\n\t\t\t\t<div class=\"elementor-element elementor-element-2dd0e33 elementor-widget elementor-widget-image-gallery\" data-id=\"2dd0e33\" data-element_type=\"widget\" data-e-type=\"widget\" data-widget_type=\"image-gallery.default\">\n\t\t\t\t<div class=\"elementor-widget-container\">\n\t\t\t\t\t\t\t<div class=\"elementor-image-gallery\">\n\t\t\t<div id='gallery-3' class='gallery galleryid-82 gallery-columns-4 gallery-size-thumbnail'><figure class='gallery-item'>\n\t\t\t<div class='gallery-icon landscape'>\n\t\t\t\t<a data-elementor-open-lightbox=\"yes\" data-elementor-lightbox-slideshow=\"2dd0e33\" data-elementor-lightbox-title=\"Dom jednorodzinny\" data-e-action-hash=\"#elementor-action%3Aaction%3Dlightbox%26settings%3DeyJpZCI6NzYsInVybCI6Imh0dHBzOlwvXC9idWRtYXJqYWJsb25uYS5wbFwvd3AtY29udGVudFwvdXBsb2Fkc1wvMjAyNFwvMDZcL2RvbWplZG5vcm9kemlubnktMS5qcGciLCJzbGlkZXNob3ciOiIyZGQwZTMzIn0%3D\" href='https:\/\/budmarjablonna.pl\/wp-content\/uploads\/2024\/06\/domjednorodzinny-1.jpg'><img loading=\"lazy\" decoding=\"async\" width=\"150\" height=\"150\" src=\"https:\/\/budmarjablonna.pl\/wp-content\/uploads\/2024\/06\/domjednorodzinny-1-150x150.jpg\" class=\"attachment-thumbnail size-thumbnail\" alt=\"\" \/><\/a>\n\t\t\t<\/div><\/figure><figure class='gallery-item'>\n\t\t\t<div class='gallery-icon portrait'>\n\t\t\t\t<a data-elementor-open-lightbox=\"yes\" data-elementor-lightbox-slideshow=\"2dd0e33\" data-elementor-lightbox-title=\"Dom jednorodzinny\" data-e-action-hash=\"#elementor-action%3Aaction%3Dlightbox%26settings%3DeyJpZCI6NzcsInVybCI6Imh0dHBzOlwvXC9idWRtYXJqYWJsb25uYS5wbFwvd3AtY29udGVudFwvdXBsb2Fkc1wvMjAyNFwvMDZcL2RvbWplZG5vcm9kemlubnkyLmpwZyIsInNsaWRlc2hvdyI6IjJkZDBlMzMifQ%3D%3D\" href='https:\/\/budmarjablonna.pl\/wp-content\/uploads\/2024\/06\/domjednorodzinny2.jpg'><img loading=\"lazy\" decoding=\"async\" width=\"150\" height=\"150\" src=\"https:\/\/budmarjablonna.pl\/wp-content\/uploads\/2024\/06\/domjednorodzinny2-150x150.jpg\" class=\"attachment-thumbnail size-thumbnail\" alt=\"\" \/><\/a>\n\t\t\t<\/div><\/figure><figure class='gallery-item'>\n\t\t\t<div class='gallery-icon landscape'>\n\t\t\t\t<a data-elementor-open-lightbox=\"yes\" data-elementor-lightbox-slideshow=\"2dd0e33\" data-elementor-lightbox-title=\"Dom jednorodzinny\" data-e-action-hash=\"#elementor-action%3Aaction%3Dlightbox%26settings%3DeyJpZCI6NjUsInVybCI6Imh0dHBzOlwvXC9idWRtYXJqYWJsb25uYS5wbFwvd3AtY29udGVudFwvdXBsb2Fkc1wvMjAyNFwvMDZcL0RTQzA2NzYuanBnIiwic2xpZGVzaG93IjoiMmRkMGUzMyJ9\" href='https:\/\/budmarjablonna.pl\/wp-content\/uploads\/2024\/06\/DSC0676.jpg'><img loading=\"lazy\" decoding=\"async\" width=\"150\" height=\"150\" src=\"https:\/\/budmarjablonna.pl\/wp-content\/uploads\/2024\/06\/DSC0676-150x150.jpg\" class=\"attachment-thumbnail size-thumbnail\" alt=\"\" \/><\/a>\n\t\t\t<\/div><\/figure><figure class='gallery-item'>\n\t\t\t<div class='gallery-icon landscape'>\n\t\t\t\t<a data-elementor-open-lightbox=\"yes\" data-elementor-lightbox-slideshow=\"2dd0e33\" data-elementor-lightbox-title=\"Dom jednorodzinny\" data-e-action-hash=\"#elementor-action%3Aaction%3Dlightbox%26settings%3DeyJpZCI6NzEsInVybCI6Imh0dHBzOlwvXC9idWRtYXJqYWJsb25uYS5wbFwvd3AtY29udGVudFwvdXBsb2Fkc1wvMjAyNFwvMDZcL0RTQzA3MDkuanBnIiwic2xpZGVzaG93IjoiMmRkMGUzMyJ9\" href='https:\/\/budmarjablonna.pl\/wp-content\/uploads\/2024\/06\/DSC0709.jpg'><img loading=\"lazy\" decoding=\"async\" width=\"150\" height=\"150\" src=\"https:\/\/budmarjablonna.pl\/wp-content\/uploads\/2024\/06\/DSC0709-150x150.jpg\" class=\"attachment-thumbnail size-thumbnail\" alt=\"\" \/><\/a>\n\t\t\t<\/div><\/figure>\n\t\t<\/div>\n\t\t<\/div>\n\t\t\t\t\t\t<\/div>\n\t\t\t\t<\/div>\n\t\t\t\t\t<\/div>\n\t\t\t\t<\/div>\n\t\t\t\t<\/div>\n\t\t","protected":false},"excerpt":{"rendered":"<p>Dostarczali\u015bmy materia\u0142y budowlane m.in dla Hotelu Warszawianka Dostarczali\u015bmy materia\u0142y budowlane dla r\u00f3\u017cnych firm budowlanych Dostarczali\u015bmy materia\u0142y na budowy indywidualnych inwestor\u00f3w<\/p>\n","protected":false},"author":1,"featured_media":0,"parent":0,"menu_order":0,"comment_status":"closed","ping_status":"closed","template":"","meta":{"footnotes":""},"class_list":["post-82","page","type-page","status-publish","hentry"],"yoast_head":"<!-- This site is optimized with the Yoast SEO plugin v22.8 - https:\/\/yoast.com\/wordpress\/plugins\/seo\/ -->\n<title>Nasze realizacje - Budmar Jab\u0142onna<\/title>\n<meta name=\"robots\" content=\"index, follow, max-snippet:-1, max-image-preview:large, max-video-preview:-1\" \/>\n<link rel=\"canonical\" href=\"https:\/\/budmarjablonna.pl\/?page_id=82\" \/>\n<meta property=\"og:locale\" content=\"pl_PL\" \/>\n<meta property=\"og:type\" content=\"article\" \/>\n<meta property=\"og:title\" content=\"Nasze realizacje - Budmar Jab\u0142onna\" \/>\n<meta property=\"og:description\" content=\"Dostarczali\u015bmy materia\u0142y budowlane m.in dla Hotelu Warszawianka Dostarczali\u015bmy materia\u0142y budowlane dla r\u00f3\u017cnych firm budowlanych Dostarczali\u015bmy materia\u0142y na budowy indywidualnych inwestor\u00f3w\" \/>\n<meta property=\"og:url\" content=\"https:\/\/budmarjablonna.pl\/?page_id=82\" \/>\n<meta property=\"og:site_name\" content=\"Budmar Jab\u0142onna\" \/>\n<meta property=\"article:modified_time\" content=\"2024-06-10T14:23:24+00:00\" \/>\n<meta property=\"og:image\" content=\"https:\/\/budmarjablonna.pl\/wp-content\/uploads\/2024\/06\/DSC0734-1-150x150.jpg\" \/>\n<meta name=\"twitter:card\" content=\"summary_large_image\" \/>\n<script type=\"application\/ld+json\" class=\"yoast-schema-graph\">{\"@context\":\"https:\/\/schema.org\",\"@graph\":[{\"@type\":\"WebPage\",\"@id\":\"https:\/\/budmarjablonna.pl\/?page_id=82\",\"url\":\"https:\/\/budmarjablonna.pl\/?page_id=82\",\"name\":\"Nasze realizacje - Budmar Jab\u0142onna\",\"isPartOf\":{\"@id\":\"https:\/\/budmarjablonna.pl\/#website\"},\"primaryImageOfPage\":{\"@id\":\"https:\/\/budmarjablonna.pl\/?page_id=82#primaryimage\"},\"image\":{\"@id\":\"https:\/\/budmarjablonna.pl\/?page_id=82#primaryimage\"},\"thumbnailUrl\":\"https:\/\/budmarjablonna.pl\/wp-content\/uploads\/2024\/06\/DSC0734-1-150x150.jpg\",\"datePublished\":\"2024-06-07T11:16:36+00:00\",\"dateModified\":\"2024-06-10T14:23:24+00:00\",\"breadcrumb\":{\"@id\":\"https:\/\/budmarjablonna.pl\/?page_id=82#breadcrumb\"},\"inLanguage\":\"pl-PL\",\"potentialAction\":[{\"@type\":\"ReadAction\",\"target\":[\"https:\/\/budmarjablonna.pl\/?page_id=82\"]}]},{\"@type\":\"ImageObject\",\"inLanguage\":\"pl-PL\",\"@id\":\"https:\/\/budmarjablonna.pl\/?page_id=82#primaryimage\",\"url\":\"https:\/\/budmarjablonna.pl\/wp-content\/uploads\/2024\/06\/DSC0734-1.jpg\",\"contentUrl\":\"https:\/\/budmarjablonna.pl\/wp-content\/uploads\/2024\/06\/DSC0734-1.jpg\",\"width\":600,\"height\":399},{\"@type\":\"BreadcrumbList\",\"@id\":\"https:\/\/budmarjablonna.pl\/?page_id=82#breadcrumb\",\"itemListElement\":[{\"@type\":\"ListItem\",\"position\":1,\"name\":\"Home\",\"item\":\"https:\/\/budmarjablonna.pl\/\"},{\"@type\":\"ListItem\",\"position\":2,\"name\":\"Nasze realizacje\"}]},{\"@type\":\"WebSite\",\"@id\":\"https:\/\/budmarjablonna.pl\/#website\",\"url\":\"https:\/\/budmarjablonna.pl\/\",\"name\":\"Budmar Jab\u0142onna\",\"description\":\"Hurtownia budowlana Jab\u0142onna\",\"potentialAction\":[{\"@type\":\"SearchAction\",\"target\":{\"@type\":\"EntryPoint\",\"urlTemplate\":\"https:\/\/budmarjablonna.pl\/?s={search_term_string}\"},\"query-input\":\"required name=search_term_string\"}],\"inLanguage\":\"pl-PL\"}]}<\/script>\n<!-- \/ Yoast SEO plugin. -->","yoast_head_json":{"title":"Nasze realizacje - Budmar Jab\u0142onna","robots":{"index":"index","follow":"follow","max-snippet":"max-snippet:-1","max-image-preview":"max-image-preview:large","max-video-preview":"max-video-preview:-1"},"canonical":"https:\/\/budmarjablonna.pl\/?page_id=82","og_locale":"pl_PL","og_type":"article","og_title":"Nasze realizacje - Budmar Jab\u0142onna","og_description":"Dostarczali\u015bmy materia\u0142y budowlane m.in dla Hotelu Warszawianka Dostarczali\u015bmy materia\u0142y budowlane dla r\u00f3\u017cnych firm budowlanych Dostarczali\u015bmy materia\u0142y na budowy indywidualnych inwestor\u00f3w","og_url":"https:\/\/budmarjablonna.pl\/?page_id=82","og_site_name":"Budmar Jab\u0142onna","article_modified_time":"2024-06-10T14:23:24+00:00","og_image":[{"url":"https:\/\/budmarjablonna.pl\/wp-content\/uploads\/2024\/06\/DSC0734-1-150x150.jpg"}],"twitter_card":"summary_large_image","schema":{"@context":"https:\/\/schema.org","@graph":[{"@type":"WebPage","@id":"https:\/\/budmarjablonna.pl\/?page_id=82","url":"https:\/\/budmarjablonna.pl\/?page_id=82","name":"Nasze realizacje - Budmar Jab\u0142onna","isPartOf":{"@id":"https:\/\/budmarjablonna.pl\/#website"},"primaryImageOfPage":{"@id":"https:\/\/budmarjablonna.pl\/?page_id=82#primaryimage"},"image":{"@id":"https:\/\/budmarjablonna.pl\/?page_id=82#primaryimage"},"thumbnailUrl":"https:\/\/budmarjablonna.pl\/wp-content\/uploads\/2024\/06\/DSC0734-1-150x150.jpg","datePublished":"2024-06-07T11:16:36+00:00","dateModified":"2024-06-10T14:23:24+00:00","breadcrumb":{"@id":"https:\/\/budmarjablonna.pl\/?page_id=82#breadcrumb"},"inLanguage":"pl-PL","potentialAction":[{"@type":"ReadAction","target":["https:\/\/budmarjablonna.pl\/?page_id=82"]}]},{"@type":"ImageObject","inLanguage":"pl-PL","@id":"https:\/\/budmarjablonna.pl\/?page_id=82#primaryimage","url":"https:\/\/budmarjablonna.pl\/wp-content\/uploads\/2024\/06\/DSC0734-1.jpg","contentUrl":"https:\/\/budmarjablonna.pl\/wp-content\/uploads\/2024\/06\/DSC0734-1.jpg","width":600,"height":399},{"@type":"BreadcrumbList","@id":"https:\/\/budmarjablonna.pl\/?page_id=82#breadcrumb","itemListElement":[{"@type":"ListItem","position":1,"name":"Home","item":"https:\/\/budmarjablonna.pl\/"},{"@type":"ListItem","position":2,"name":"Nasze realizacje"}]},{"@type":"WebSite","@id":"https:\/\/budmarjablonna.pl\/#website","url":"https:\/\/budmarjablonna.pl\/","name":"Budmar Jab\u0142onna","description":"Hurtownia budowlana Jab\u0142onna","potentialAction":[{"@type":"SearchAction","target":{"@type":"EntryPoint","urlTemplate":"https:\/\/budmarjablonna.pl\/?s={search_term_string}"},"query-input":"required name=search_term_string"}],"inLanguage":"pl-PL"}]}},"_links":{"self":[{"href":"https:\/\/budmarjablonna.pl\/index.php?rest_route=\/wp\/v2\/pages\/82","targetHints":{"allow":["GET"]}}],"collection":[{"href":"https:\/\/budmarjablonna.pl\/index.php?rest_route=\/wp\/v2\/pages"}],"about":[{"href":"https:\/\/budmarjablonna.pl\/index.php?rest_route=\/wp\/v2\/types\/page"}],"author":[{"embeddable":true,"href":"https:\/\/budmarjablonna.pl\/index.php?rest_route=\/wp\/v2\/users\/1"}],"replies":[{"embeddable":true,"href":"https:\/\/budmarjablonna.pl\/index.php?rest_route=%2Fwp%2Fv2%2Fcomments&post=82"}],"version-history":[{"count":28,"href":"https:\/\/budmarjablonna.pl\/index.php?rest_route=\/wp\/v2\/pages\/82\/revisions"}],"predecessor-version":[{"id":117,"href":"https:\/\/budmarjablonna.pl\/index.php?rest_route=\/wp\/v2\/pages\/82\/revisions\/117"}],"wp:attachment":[{"href":"https:\/\/budmarjablonna.pl\/index.php?rest_route=%2Fwp%2Fv2%2Fmedia&parent=82"}],"curies":[{"name":"wp","href":"https:\/\/api.w.org\/{rel}","templated":true}]}}